{"id":7,"date":"2022-09-27T16:18:59","date_gmt":"2022-09-27T14:18:59","guid":{"rendered":"http:\/\/pascalinecuvelier.org\/?page_id=7"},"modified":"2022-10-04T10:48:19","modified_gmt":"2022-10-04T08:48:19","slug":"a-propos-de","status":"publish","type":"page","link":"https:\/\/pascalinecuvelier.org\/index.php\/a-propos-de\/","title":{"rendered":"Activit\u00e9s"},"content":{"rendered":"<div class=\"wp-block-image\">\n<figure class=\"aligncenter size-full\"><img loading=\"lazy\" decoding=\"async\" width=\"467\" height=\"700\" src=\"https:\/\/pascalinecuvelier.org\/wp-content\/uploads\/2022\/09\/pasc3.jpg\" alt=\"\" class=\"wp-image-108\" srcset=\"https:\/\/pascalinecuvelier.org\/wp-content\/uploads\/2022\/09\/pasc3.jpg 467w, https:\/\/pascalinecuvelier.org\/wp-content\/uploads\/2022\/09\/pasc3-200x300.jpg 200w\" sizes=\"auto, (max-width: 467px) 100vw, 467px\" \/><figcaption>Page d&rsquo;un carnet avec autoportrait, dat\u00e9e du 3 sept. 1982<\/figcaption><\/figure>\n<\/div>\n\n<div class=\"wp-block-image\">\n<figure class=\"alignleft size-full\"><img loading=\"lazy\" decoding=\"async\" width=\"267\" height=\"400\" src=\"https:\/\/pascalinecuvelier.org\/wp-content\/uploads\/2022\/09\/rue_lebouis.jpg\" alt=\"\" class=\"wp-image-420\" srcset=\"https:\/\/pascalinecuvelier.org\/wp-content\/uploads\/2022\/09\/rue_lebouis.jpg 267w, https:\/\/pascalinecuvelier.org\/wp-content\/uploads\/2022\/09\/rue_lebouis-200x300.jpg 200w\" sizes=\"auto, (max-width: 267px) 100vw, 267px\" \/><\/figure>\n<\/div>\n\n\n<p><strong>Enfance<\/strong> : Pascaline a fait ses \u00e9tudes secondaires \u00e0 l\u2019Ecole Alsacienne, la famille habitait alors \u00e0 Montparnasse dans un atelier d\u2019artiste. Ses parents ont fond\u00e9 les\u00a0<a rel=\"noreferrer noopener\" class=\"\" href=\"https:\/\/www.docantic.com\/fr\/page\/39\/yves-cuvelier-1913-biographie\" target=\"_blank\">Tissus Cuvelier<\/a>, juste apr\u00e8s la guerre. Sa m\u00e8re dirigeait l\u2019atelier de dessin, o\u00f9 elle y r\u00e9alisait les cr\u00e9ations (dessins et conception des couleurs). L\u2019immeuble de son enfance est aujourd\u2019hui class\u00e9 monument historique (7 rue Lebouis, 75014, Paris) et a h\u00e9berg\u00e9 la Fondation Cartier Bresson<\/p>\n\n\n\n<p>L\u2019atelier a \u00e9t\u00e9 lou\u00e9 par la suite au magazine <a rel=\"noreferrer noopener\" href=\"https:\/\/fr.wikipedia.org\/wiki\/Actuel_(magazine_fran%C3%A7ais)\" data-type=\"URL\" data-id=\"https:\/\/fr.wikipedia.org\/wiki\/Actuel_(magazine_fran%C3%A7ais)\" target=\"_blank\">Actuel<\/a> de <a rel=\"noreferrer noopener\" href=\"https:\/\/fr.wikipedia.org\/wiki\/Jean-Fran%C3%A7ois_Bizot\" data-type=\"URL\" data-id=\"https:\/\/fr.wikipedia.org\/wiki\/Jean-Fran%C3%A7ois_Bizot\" target=\"_blank\">Jean-Fran\u00e7ois Bizot<\/a> <\/p>\n\n\n\n<p><strong>ELLE, le d\u00e9clic<\/strong> : En 1962 \u00e0 19 ans, Elle gagne un prix au journal ELLE, avec un reportage \u00e0 New-York \u00e0 la clef, elle y avait emmen\u00e9 son Roleiflex 6X6 argentique. Elle en a ramen\u00e9 des photos, ce sont ses premiers travaux de reportage \/ journaliste. Influenc\u00e9e toute sa vie par ce voyage \u00e0 New-York, elle y est retourn\u00e9 plusieurs fois.<br><\/p>\n\n\n\n<p><strong>Engagement<\/strong> : Militante MLF dans les ann\u00e9es 70, elle est inscrite \u00e0 Vincennes pour continuer ses \u00e9tudes et pour rejoindre une cellule MLF \/ psychanalyse install\u00e9e sur place.<\/p>\n\n\n\n<figure class=\"wp-block-image size-large\"><img loading=\"lazy\" decoding=\"async\" width=\"1024\" height=\"739\" src=\"https:\/\/pascalinecuvelier.org\/wp-content\/uploads\/2022\/09\/RevueParole-1024x739.jpg\" alt=\"\" class=\"wp-image-434\" srcset=\"https:\/\/pascalinecuvelier.org\/wp-content\/uploads\/2022\/09\/RevueParole-1024x739.jpg 1024w, https:\/\/pascalinecuvelier.org\/wp-content\/uploads\/2022\/09\/RevueParole-300x216.jpg 300w, https:\/\/pascalinecuvelier.org\/wp-content\/uploads\/2022\/09\/RevueParole-768x554.jpg 768w, https:\/\/pascalinecuvelier.org\/wp-content\/uploads\/2022\/09\/RevueParole-1536x1108.jpg 1536w, https:\/\/pascalinecuvelier.org\/wp-content\/uploads\/2022\/09\/RevueParole.jpg 1665w\" sizes=\"auto, (max-width: 1024px) 100vw, 1024px\" \/><figcaption>1980 &#8211; Cathy Bernheim, pr\u00e9paration du magazine Parole!, Annette L\u00e9vy-Willard, H\u00e9l\u00e8ne Rouch, Liliane Kandel, Fran\u00e7oise Picq, Pascaline Cuvelier<\/figcaption><\/figure>\n\n\n\n<blockquote class=\"wp-block-quote is-layout-flow wp-block-quote-is-layout-flow\"><p>En 1979, avec B\u00e9la Elek, remarquable bibliophile, Pascaline avait sign\u00e9 un catalogue de la librairie&nbsp;<em>Biffures<\/em>&nbsp;(21 rue Saint-Jacques, Paris V\u00e8me)&nbsp;:&nbsp;&nbsp;<em>Histoire des Femmes et des F\u00e9minismes<\/em>. Bela Elek \u00e9tait le fr\u00e8re de Thomas Elek, membre du groupe des FTP-MOI de Manouchian (l\u2019Affiche Rouge), fusill\u00e9 par les Nazis sous l\u2019Occupation. Avec Bela, Pascaline entrait dans le monde tr\u00e8s ferm\u00e9 de l\u2019\u00e9rudition et de la R\u00e9sistance.<br><a href=\"https:\/\/pascalinecuvelier.org\/index.php\/christine-faure\/\" data-type=\"page\" data-id=\"135\">Lire la suite<\/a><\/p><cite>citation de <a rel=\"noreferrer noopener\" href=\"https:\/\/fr.wikipedia.org\/wiki\/Christine_Faur%C3%A9\" target=\"_blank\">Christine Faur\u00e9<\/a><\/cite><\/blockquote>\n\n\n\n<figure class=\"wp-block-image size-full\"><img loading=\"lazy\" decoding=\"async\" width=\"800\" height=\"531\" src=\"https:\/\/pascalinecuvelier.org\/wp-content\/uploads\/2022\/09\/catherine_deudon.jpg\" alt=\"\" class=\"wp-image-459\" srcset=\"https:\/\/pascalinecuvelier.org\/wp-content\/uploads\/2022\/09\/catherine_deudon.jpg 800w, https:\/\/pascalinecuvelier.org\/wp-content\/uploads\/2022\/09\/catherine_deudon-300x199.jpg 300w, https:\/\/pascalinecuvelier.org\/wp-content\/uploads\/2022\/09\/catherine_deudon-768x510.jpg 768w\" sizes=\"auto, (max-width: 800px) 100vw, 800px\" \/><figcaption>Manifestation contre \u00ab&nbsp;l&rsquo;ann\u00e9e de la femme&nbsp;\u00bb et le minist\u00e8re Giroud. De<br>gauche \u00e0 droite au premier plan : Pascaline Cuvelier, journaliste pigiste \u00e0<br><em>Lib\u00e9ration<\/em>,&nbsp;Monique&nbsp;Bourroux&nbsp;et&nbsp;Patricia&nbsp;Duthion (8 mars 1975) : photo de&nbsp;<br>Catherine Deudon, d\u00e9p\u00f4t au Centre des archives du f\u00e9minisme, universit\u00e9 d&rsquo;Angers<\/figcaption><\/figure>\n\n\n\n<p><\/p>\n\n\n<div class=\"wp-block-image\">\n<figure class=\"alignleft size-thumbnail\"><img loading=\"lazy\" decoding=\"async\" width=\"150\" height=\"150\" src=\"https:\/\/pascalinecuvelier.org\/wp-content\/uploads\/2022\/09\/artforum_1996_hybert-150x150.jpg\" alt=\"\" class=\"wp-image-305\" srcset=\"https:\/\/pascalinecuvelier.org\/wp-content\/uploads\/2022\/09\/artforum_1996_hybert-150x150.jpg 150w, https:\/\/pascalinecuvelier.org\/wp-content\/uploads\/2022\/09\/artforum_1996_hybert-300x300.jpg 300w, https:\/\/pascalinecuvelier.org\/wp-content\/uploads\/2022\/09\/artforum_1996_hybert-1019x1024.jpg 1019w, https:\/\/pascalinecuvelier.org\/wp-content\/uploads\/2022\/09\/artforum_1996_hybert-768x772.jpg 768w, https:\/\/pascalinecuvelier.org\/wp-content\/uploads\/2022\/09\/artforum_1996_hybert.jpg 1064w\" sizes=\"auto, (max-width: 150px) 100vw, 150px\" \/><\/figure>\n<\/div>\n\n\n<p><strong>Journaliste<\/strong> : pendant 17 ans, Pascaline travaille \u00e0 lib\u00e9ration, en 1971 puis de 1981 \u00e0 1997, elle signe aussi des articles (piges) dans le magazine <a rel=\"noreferrer noopener\" href=\"https:\/\/www.artforum.com\/contributor\/pascaline-cuvelier?page=1\" data-type=\"URL\" data-id=\"https:\/\/www.artforum.com\/contributor\/pascaline-cuvelier?page=1\" target=\"_blank\">Artforum<\/a> aux USA (art contemporain) intitul\u00e9 : Letter from Paris. Ainsi que dans Beaux-Arts magazine, <a rel=\"noreferrer noopener\" href=\"https:\/\/intramuros.fr\/\" data-type=\"URL\" data-id=\"https:\/\/intramuros.fr\/\" target=\"_blank\">Intra-Muros <\/a>(architecture) et de nombreuses autres revues.<br><br><\/p>\n\n\n\n<p><strong>Avant Garde<\/strong> : Pascaline a su d\u00e9crypter les tendances du design objet,&nbsp; mode, art contemporain, architecture, elle pilotait la page culture \u00e0 Lib\u00e9ration, intitul\u00e9e \u00ab\u00a0Glose de Style\u00a0\u00bb, avec une totale libert\u00e9. Son style reconnaissable teint\u00e9 d\u2019humour et de cynisme, textes au rasoir, aucun mot n\u2019\u00e9tait en trop.<\/p>\n\n\n\n<p>D\u00e9couvreuse de talent alors inconnus ou peu connus du grand Public, elle \u00e9crira sur : JP Gaultier, Christian Lacroix, Margiela, Jean Nouvel, Stark, Ettore Sottsass, Claude Closky, Bertrand Lavier, Sophie Calle, Christian Boltansky, Anette Messager, J.C. Ruggirello, Claude Rutault , Yves Oppenheim , Dominique Gonsalez-Foerster. La plupart sont devenus des amis et Ettore Sotsass sont amant.<\/p>\n\n\n\n<blockquote class=\"wp-block-quote is-layout-flow wp-block-quote-is-layout-flow\"><p>Le graffiti [&#8230;] tel que nous le connaissons en France, par l\u2019interm\u00e9diaire de quelques passeurs de culture qui voyagent entre New-York et Paris, fait son apparition vers 1981-1982. La premi\u00e8re mention que l\u2019on en trouve dans la presse figure dans une s\u00e9rie de trois articles publi\u00e9s dans<br>Lib\u00e9ration en octobre 1981 (Pascaline Cuvelier, \u00ab Graffiti non \u2013stop \u00bb, Lib\u00e9ration, 27, 28 et 29 octobre 1981)<\/p><cite>Louis Jesu. L\u2019\u00e9lite artistique des cit\u00e9s : m\u00e9tamorphoses de l\u2019ancrage du hip-hop dans les quartiers populaires en France (1981-2015). Sociologie. Universit\u00e9 de Lorraine, 2016. Fran\u00e7ais. ffNNT : 2016LORR0095ff. fftel-01754682f<\/cite><\/blockquote>\n\n\n\n<p><strong>Livres<\/strong> : R\u00e9alisation de nombreuses pr\u00e9faces de catalogue ou livres d\u2019artistes comme <a rel=\"noreferrer noopener\" href=\"https:\/\/fr.wikipedia.org\/wiki\/Claude_Closky\" data-type=\"URL\" data-id=\"https:\/\/fr.wikipedia.org\/wiki\/Claude_Closky\" target=\"_blank\">Claude Closky,<\/a> <a rel=\"noreferrer noopener\" href=\"https:\/\/fr.wikipedia.org\/wiki\/Gloria_Friedmann\" data-type=\"URL\" data-id=\"https:\/\/fr.wikipedia.org\/wiki\/Gloria_Friedmann\" target=\"_blank\">Gloria Friedmann<\/a>, <a rel=\"noreferrer noopener\" href=\"https:\/\/www.verenasieberfuchs.ch\/\" data-type=\"URL\" data-id=\"https:\/\/www.verenasieberfuchs.ch\/\" target=\"_blank\">Verena Sieber-Fuchs<\/a>, <a rel=\"noreferrer noopener\" href=\"http:\/\/www.jcruggirello.com\/\" data-type=\"URL\" data-id=\"http:\/\/www.jcruggirello.com\/\" target=\"_blank\">Jean-Claude Ruggirello<\/a>, \u00a0\u00bb Eldorado \u00a0\u00bb &#8211; catalogue d&rsquo;exposition, <em>Mus\u00e9e d&rsquo;Art Moderne Grand-Duc<\/em>, Compilation : une exp\u00e9rience de l&rsquo;exposition- <em>Consortium \u00e0 Dijon<\/em> <\/p>\n\n\n\n<p>Elle co-\u00e9crit&nbsp;<strong>9 entreprises, 9 cr\u00e9ateurs : Du sens dans l&rsquo;utile avec&nbsp;<\/strong><a rel=\"noreferrer noopener\" href=\"https:\/\/mediatheques.if-maroc.org\/index.php?lvl=author_see&amp;id=28754\" target=\"_blank\">Fran\u00e7oise<\/a><a class=\"\" href=\"https:\/\/mediatheques.if-maroc.org\/index.php?lvl=author_see&amp;id=28754\"> Darmon<\/a>,&nbsp;<a rel=\"noreferrer noopener\" href=\"https:\/\/mediatheques.if-maroc.org\/index.php?lvl=author_see&amp;id=15293\" target=\"_blank\">Laurence<\/a><a class=\"\" href=\"https:\/\/mediatheques.if-maroc.org\/index.php?lvl=author_see&amp;id=15293\"> Bena\u00efm<\/a><\/p>\n\n\n\n<p><strong>Film<\/strong> : R\u00e9alisation d&rsquo;un film documentaire pour la t\u00e9l\u00e9vision.<\/p>\n\n\n\n<p><strong>Radio<\/strong> : Participations \u00e0 Radio Nova dans l&#8217;emission <a rel=\"noreferrer noopener\" href=\"https:\/\/www.nova.fr\/news\/christian-boltanski-lart-cest-faire-le-choix-de-la-rupture-149910-15-07-2021\/\" data-type=\"URL\" data-id=\"https:\/\/www.nova.fr\/news\/christian-boltanski-lart-cest-faire-le-choix-de-la-rupture-149910-15-07-2021\/\" target=\"_blank\">\u201cOn a vu \u00e7a, \u00e7a et \u00e7a\u201d<\/a>, anim\u00e9e par la sp\u00e9cialiste d\u2019art contemporain de Nova Brigitte Cornand, accompagn\u00e9e des critiques d\u2019art moderne d\u2019Elisabeth Lebovici, Bernard Marcad\u00e9.<\/p>\n\n\n\n<blockquote class=\"wp-block-quote is-layout-flow wp-block-quote-is-layout-flow\"><p>Avec grande int\u00e9grit\u00e9 et d\u00e9ontologie, Pascaline a toujours renvoy\u00e9 tous les cadeaux offerts avant ou apr\u00e8s des articles au grand dam de nos coll\u00e8gues de Lib\u00e9 .. seule exception : les fleurs<\/p><cite>un coll\u00e8gue \u00e0 Lib\u00e9ration<\/cite><\/blockquote>\n\n\n<div class=\"wp-block-image\">\n<figure class=\"alignleft size-thumbnail\"><img loading=\"lazy\" decoding=\"async\" width=\"150\" height=\"150\" src=\"https:\/\/pascalinecuvelier.org\/wp-content\/uploads\/2022\/09\/IMG_1616_photo_vanessa-150x150.jpg\" alt=\"\" class=\"wp-image-426\"\/><figcaption>photo V. Gilles<\/figcaption><\/figure>\n<\/div>\n\n\n<p><strong>Caract\u00e8re de Pascaline<\/strong> : libre, inconventionnelle, inclassable, effront\u00e9e, asociale mais int\u00e8gre. Tellement cultiv\u00e9e, curieuse, sans aucun apriori sur personne. <br>Avec \u00e0 son actif environ 30 ans de psychanalyse, elle a \u00e9t\u00e9 l&rsquo;amante du psychanalyste lacanien <a rel=\"noreferrer noopener\" href=\"https:\/\/fr.wikipedia.org\/wiki\/Jean_Clavreul\" data-type=\"URL\" data-id=\"https:\/\/fr.wikipedia.org\/wiki\/Jean_Clavreul\" target=\"_blank\">Jean Clavreul<\/a>, elle en \u00e9tait tr\u00e8s amoureuse et la rupture \u00e0 \u00e9t\u00e9 tr\u00e8s difficile pour elle.<br><\/p>\n\n\n\n<p><\/p>\n\n\n\n<p><strong>Nature<\/strong> : Passionn\u00e9e de Jardins, de parc floral, de manifestations li\u00e9es aux plantes, elle a \u00e9t\u00e9 une des premieres \u00e0 \u00e9crire sur ce sujet dans un quotidien, elle \u00e9tait une grande habitu\u00e9e du&nbsp;<a rel=\"noreferrer noopener\" href=\"http:\/\/www.domaine-chaumont.fr\/fr\/festival-international-des-jardins\" target=\"_blank\">Festival international des jardins | Domaine de Chaumont&nbsp;<\/a><br>&#8211; son Pinterest sur les jardins &gt;&nbsp;<a class=\"\" href=\"https:\/\/www.pinterest.fr\/pascalinecuveli\/_saved\/\">https:\/\/www.pinterest.fr\/<\/a><a rel=\"noreferrer noopener\" href=\"https:\/\/www.pinterest.fr\/pascalinecuveli\/_saved\/\" target=\"_blank\">pascalinecuveli<\/a><a class=\"\" href=\"https:\/\/www.pinterest.fr\/pascalinecuveli\/_saved\/\">\/_saved\/<\/a>&nbsp;<br><\/p>\n\n\n\n<p><strong>Artiste<\/strong> : Elle a expos\u00e9 un travail d\u2019Artiste d\u00e8s son plus jeune age, un empilement de livres, sur invitation de  <a rel=\"noreferrer noopener\" href=\"https:\/\/fr.wikipedia.org\/wiki\/Philippe_Cazal\" data-type=\"URL\" data-id=\"https:\/\/fr.wikipedia.org\/wiki\/Philippe_Cazal\" target=\"_blank\">Phillipe Cazal<\/a> et <a rel=\"noreferrer noopener\" href=\"https:\/\/fr.wikipedia.org\/wiki\/Claude_Rutault\" data-type=\"URL\" data-id=\"https:\/\/fr.wikipedia.org\/wiki\/Claude_Rutault\" target=\"_blank\">Claude Rutault<\/a> et une br\u00e8ve intervention \u00e0 la galerie Perrotin. Elle \u00e0 continu\u00e9 ce travail sur different support, Facebook, \u00e9crits, dessins, photos, vid\u00e9os et les fameux carnets jusqu\u2019a la fin. <\/p>\n\n\n\n<p><strong>Son bureau<\/strong> : Starbucks, elle y passait sa vie, s\u2019en servait comme un atelier d\u2019artiste, y donnait ses RDV, \u00e9crivait, filmait, prenait des photos et des vid\u00e9os, elle \u00e9tait tr\u00e8s connu l\u00e0-bas et \u00e9tait un peu comme une mamie-princesse !<br><\/p>\n\n\n\n<figure class=\"wp-block-image size-large\"><img loading=\"lazy\" decoding=\"async\" width=\"1024\" height=\"768\" src=\"https:\/\/pascalinecuvelier.org\/wp-content\/uploads\/2022\/09\/IMG_1429_photo_vanessa-1024x768.jpg\" alt=\"\" class=\"wp-image-70\" srcset=\"https:\/\/pascalinecuvelier.org\/wp-content\/uploads\/2022\/09\/IMG_1429_photo_vanessa-1024x768.jpg 1024w, https:\/\/pascalinecuvelier.org\/wp-content\/uploads\/2022\/09\/IMG_1429_photo_vanessa-300x225.jpg 300w, https:\/\/pascalinecuvelier.org\/wp-content\/uploads\/2022\/09\/IMG_1429_photo_vanessa-768x576.jpg 768w, https:\/\/pascalinecuvelier.org\/wp-content\/uploads\/2022\/09\/IMG_1429_photo_vanessa-1536x1152.jpg 1536w, https:\/\/pascalinecuvelier.org\/wp-content\/uploads\/2022\/09\/IMG_1429_photo_vanessa-2048x1536.jpg 2048w\" sizes=\"auto, (max-width: 1024px) 100vw, 1024px\" \/><figcaption>Rue de Turenne &#8211; Photo V. Gilles<\/figcaption><\/figure>\n\n\n\n<p><strong>Chez elle, rue de Turenne<\/strong> : ses plantes, son univers, une maison \/ sculpture en mouvement, d\u00e9pla\u00e7ant sans cesse les meubles, sortant de son \u00ab&nbsp;mur&nbsp;\u00bb placard des objets parfois anodins et les exposants dans une mise en sc\u00e8ne subtile et parfois imperceptible. Elle \u00ab&nbsp;mena\u00e7ait&nbsp;\u00bb souvent de tout jeter. Sophie, sa soeur, allait parfois ranger et sans complexe Pascaline, assise, commandait l\u2019ex\u00e9cutante. Avant le rangement du placard du fond, pendant des ann\u00e9es il y a eu son \u00ab&nbsp;monstre&nbsp;\u00bb au milieu de la pi\u00e8ce, un amas de petit meubles, chaises, lampes, objets empil\u00e9s qu\u2019elle recouvrait parfois d\u2019un tissus ou une b\u00e2che en plastique (souvent transparente). Elle avait beaucoup de mal \u00e0 ranger car tout devait \u00eatre class\u00e9, r\u00e9pertori\u00e9, archiv\u00e9 suivant un syst\u00e8me digne d\u2019un atelier d\u2019une usine \u00e0 boulon d\u00e9but 20e si\u00e8cle. Elle avait des tampons encreurs avec des dates, des chiffres et s\u2019attachait d\u2019une fa\u00e7on obsessive \u00e0 marquer ce qui devait \u00eatre rang\u00e9.<br><br><strong>Collection<\/strong> : Pascaline a collectionn\u00e9 durant toute sa vie des oeuvres d&rsquo;art, comme des travaux de : Beuys, Boltansky, Messager, Sottsass, Filliou, Kosuth, Hanta\u00ef, Frize, Parr, Duval, Lavier, Parreno et bien d&rsquo;autres.<\/p>\n\n\n\n<h2 class=\"wp-block-heading\">Journaliste<\/h2>\n\n\n\n<ul class=\"wp-block-list\"><li>1966 &#8211; Elle<\/li><li>1977 &#8211; 1981 \u00e0 1997 &#8211; <a href=\"https:\/\/pascalinecuvelier.org\/index.php\/liberation\/\" data-type=\"page\" data-id=\"191\">Liberation<\/a> <\/li><li>1978 &#8211; <a href=\"https:\/\/femenrev.persee.fr\/authority\/1560230\" data-type=\"URL\" data-id=\"https:\/\/femenrev.persee.fr\/authority\/1560230\">Paroles !<\/a><\/li><li>1982 &#8211; Actuel<\/li><li>1985 &#8211; Intramuros<\/li><li>1987 &#8211; Jardin des Modes<\/li><li>1990 &#8211; <a href=\"https:\/\/pascalinecuvelier.org\/index.php\/art-forum\/\" data-type=\"page\" data-id=\"197\">Art Forum<\/a><\/li><li>1991 &#8211; L&rsquo;Autre Journal<\/li><li>1996 &#8211; Vogue<\/li><li>1996 &#8211; Les films du Siamois<\/li><\/ul>\n\n\n\n<h2 class=\"wp-block-heading\">Catalogues<\/h2>\n\n\n\n<ul class=\"wp-block-list\"><li>1980 \u00e0 1998 &#8211; <a href=\"https:\/\/pascalinecuvelier.org\/index.php\/publications\/\" data-type=\"page\" data-id=\"166\">Publications<\/a><\/li><\/ul>\n\n\n\n<h2 class=\"wp-block-heading\">Glose de style<\/h2>\n\n\n\n<ul class=\"wp-block-list\"><li>1981 \u00e0 2021 <a href=\"https:\/\/pascalinecuvelier.org\/index.php\/carnets\/\" data-type=\"page\" data-id=\"163\">Carnets<\/a><\/li><li>1960 \u00e0 2021 <a href=\"https:\/\/pascalinecuvelier.org\/index.php\/photos\/\" data-type=\"page\" data-id=\"208\">Photos<\/a><\/li><\/ul>\n\n\n\n<h2 class=\"wp-block-heading\">Expositions<\/h2>\n\n\n<div class=\"wp-block-image\">\n<figure class=\"alignleft size-medium\"><img loading=\"lazy\" decoding=\"async\" width=\"300\" height=\"196\" src=\"https:\/\/pascalinecuvelier.org\/wp-content\/uploads\/2022\/09\/galerie_perrotin_soire\u0301e_japon_19901115-300x196.jpg\" alt=\"\" class=\"wp-image-341\" srcset=\"https:\/\/pascalinecuvelier.org\/wp-content\/uploads\/2022\/09\/galerie_perrotin_soire\u0301e_japon_19901115-300x196.jpg 300w, https:\/\/pascalinecuvelier.org\/wp-content\/uploads\/2022\/09\/galerie_perrotin_soire\u0301e_japon_19901115-1024x668.jpg 1024w, https:\/\/pascalinecuvelier.org\/wp-content\/uploads\/2022\/09\/galerie_perrotin_soire\u0301e_japon_19901115-768x501.jpg 768w, https:\/\/pascalinecuvelier.org\/wp-content\/uploads\/2022\/09\/galerie_perrotin_soire\u0301e_japon_19901115-1536x1001.jpg 1536w, https:\/\/pascalinecuvelier.org\/wp-content\/uploads\/2022\/09\/galerie_perrotin_soire\u0301e_japon_19901115.jpg 2000w\" sizes=\"auto, (max-width: 300px) 100vw, 300px\" \/><\/figure>\n<\/div>\n\n\n<p>15 novembre 1990<br><strong>Soire\u0301e Japon<\/strong> &#8211; <strong><a rel=\"noreferrer noopener\" href=\"https:\/\/www.perrotin.com\/fr\/exhibitions\/soiree-japon\/2762\" data-type=\"URL\" data-id=\"https:\/\/www.perrotin.com\/fr\/exhibitions\/soiree-japon\/2762\" target=\"_blank\">Galerie Perrotin<\/a><\/strong><br><br>Exposition de groupe : Pascaline Cuvelier, Information FICTION Publicit\u00e9 (IFP), Mischiko Koschino, Ange Leccia, Yoshinori Tsuda, Jean-Luc Vilmouth<\/p>\n","protected":false},"excerpt":{"rendered":"<p>Enfance : Pascaline a fait ses \u00e9tudes secondaires \u00e0 l\u2019Ecole Alsacienne, la famille habitait alors \u00e0 Montparnasse dans un atelier d\u2019artiste. Ses parents ont fond\u00e9 les\u00a0Tissus Cuvelier, juste apr\u00e8s la guerre. Sa m\u00e8re dirigeait l\u2019atelier de dessin, o\u00f9 elle y r\u00e9alisait les cr\u00e9ations (dessins et conception des couleurs). L\u2019immeuble de son enfance est aujourd\u2019hui class\u00e9 [&hellip;]<\/p>\n","protected":false},"author":1,"featured_media":0,"parent":0,"menu_order":0,"comment_status":"closed","ping_status":"closed","template":"","meta":{"footnotes":""},"class_list":["post-7","page","type-page","status-publish","hentry"],"_links":{"self":[{"href":"https:\/\/pascalinecuvelier.org\/index.php\/wp-json\/wp\/v2\/pages\/7","targetHints":{"allow":["GET"]}}],"collection":[{"href":"https:\/\/pascalinecuvelier.org\/index.php\/wp-json\/wp\/v2\/pages"}],"about":[{"href":"https:\/\/pascalinecuvelier.org\/index.php\/wp-json\/wp\/v2\/types\/page"}],"author":[{"embeddable":true,"href":"https:\/\/pascalinecuvelier.org\/index.php\/wp-json\/wp\/v2\/users\/1"}],"replies":[{"embeddable":true,"href":"https:\/\/pascalinecuvelier.org\/index.php\/wp-json\/wp\/v2\/comments?post=7"}],"version-history":[{"count":119,"href":"https:\/\/pascalinecuvelier.org\/index.php\/wp-json\/wp\/v2\/pages\/7\/revisions"}],"predecessor-version":[{"id":516,"href":"https:\/\/pascalinecuvelier.org\/index.php\/wp-json\/wp\/v2\/pages\/7\/revisions\/516"}],"wp:attachment":[{"href":"https:\/\/pascalinecuvelier.org\/index.php\/wp-json\/wp\/v2\/media?parent=7"}],"curies":[{"name":"wp","href":"https:\/\/api.w.org\/{rel}","templated":true}]}}