{"id":382,"date":"2022-09-30T10:01:12","date_gmt":"2022-09-30T08:01:12","guid":{"rendered":"http:\/\/pascalinecuvelier.org\/?page_id=382"},"modified":"2022-09-30T10:01:12","modified_gmt":"2022-09-30T08:01:12","slug":"gerard-lefort","status":"publish","type":"page","link":"https:\/\/pascalinecuvelier.org\/index.php\/gerard-lefort\/","title":{"rendered":"G\u00e9rard Lefort"},"content":{"rendered":"\n<p>gorg\u00e9 des milles souvenirs que j\u2019ai de Pascaline, souvenirs de complicit\u00e9 et de rigolade l\u2019un n\u2019allant pas sans l\u2019autre, souvenirs surtout d\u2019une intense intelligence toujours sur la br\u00e8che de d\u00e9couvrir, apprendre et faire partager. Un \u00e9t\u00e9 en 1989 avec quelques amis nous s\u00e9journ\u00e2mes \u00e0 Uz\u00e8s chez votre maman. Quelle d\u00e9lice, quelle folie, quelle amiti\u00e9 rieuse car nous mont\u00e2mes dans le jardin une \u00ab\u00a0pi\u00e8ce de th\u00e9\u00e2tre\u00a0\u00bb intitul\u00e9e \u00ab\u00a0La mal\u00e9diction de la calanque\u00a0\u00bb o\u00f9 Pascaline en voix off jouait le r\u00f4le de la d\u00e9esse Mousseline! Un triomphe, devant un public d\u2019au moins huit personnes. Voila, c\u2019\u00e9tait Pascaline, c\u2019est Pascaline!!!!!<\/p>\n","protected":false},"excerpt":{"rendered":"<p>gorg\u00e9 des milles souvenirs que j\u2019ai de Pascaline, souvenirs de complicit\u00e9 et de rigolade l\u2019un n\u2019allant pas sans l\u2019autre, souvenirs surtout d\u2019une intense intelligence toujours sur la br\u00e8che de d\u00e9couvrir, apprendre et faire partager. Un \u00e9t\u00e9 en 1989 avec quelques amis nous s\u00e9journ\u00e2mes \u00e0 Uz\u00e8s chez votre maman. Quelle d\u00e9lice, quelle folie, quelle amiti\u00e9 rieuse [&hellip;]<\/p>\n","protected":false},"author":1,"featured_media":0,"parent":0,"menu_order":0,"comment_status":"closed","ping_status":"closed","template":"","meta":{"footnotes":""},"class_list":["post-382","page","type-page","status-publish","hentry"],"_links":{"self":[{"href":"https:\/\/pascalinecuvelier.org\/index.php\/wp-json\/wp\/v2\/pages\/382","targetHints":{"allow":["GET"]}}],"collection":[{"href":"https:\/\/pascalinecuvelier.org\/index.php\/wp-json\/wp\/v2\/pages"}],"about":[{"href":"https:\/\/pascalinecuvelier.org\/index.php\/wp-json\/wp\/v2\/types\/page"}],"author":[{"embeddable":true,"href":"https:\/\/pascalinecuvelier.org\/index.php\/wp-json\/wp\/v2\/users\/1"}],"replies":[{"embeddable":true,"href":"https:\/\/pascalinecuvelier.org\/index.php\/wp-json\/wp\/v2\/comments?post=382"}],"version-history":[{"count":1,"href":"https:\/\/pascalinecuvelier.org\/index.php\/wp-json\/wp\/v2\/pages\/382\/revisions"}],"predecessor-version":[{"id":383,"href":"https:\/\/pascalinecuvelier.org\/index.php\/wp-json\/wp\/v2\/pages\/382\/revisions\/383"}],"wp:attachment":[{"href":"https:\/\/pascalinecuvelier.org\/index.php\/wp-json\/wp\/v2\/media?parent=382"}],"curies":[{"name":"wp","href":"https:\/\/api.w.org\/{rel}","templated":true}]}}