{"id":378,"date":"2022-09-30T09:40:58","date_gmt":"2022-09-30T07:40:58","guid":{"rendered":"http:\/\/pascalinecuvelier.org\/?page_id=378"},"modified":"2022-09-30T09:40:58","modified_gmt":"2022-09-30T07:40:58","slug":"sophie-cuvelier","status":"publish","type":"page","link":"https:\/\/pascalinecuvelier.org\/index.php\/sophie-cuvelier\/","title":{"rendered":"Sophie Cuvelier"},"content":{"rendered":"\n<figure class=\"wp-block-image size-medium\"><img loading=\"lazy\" decoding=\"async\" width=\"226\" height=\"300\" src=\"https:\/\/pascalinecuvelier.org\/wp-content\/uploads\/2022\/09\/sophie_et_pascaline-226x300.png\" alt=\"Sophie et Pascaline\" class=\"wp-image-379\" srcset=\"https:\/\/pascalinecuvelier.org\/wp-content\/uploads\/2022\/09\/sophie_et_pascaline-226x300.png 226w, https:\/\/pascalinecuvelier.org\/wp-content\/uploads\/2022\/09\/sophie_et_pascaline.png 498w\" sizes=\"auto, (max-width: 226px) 100vw, 226px\" \/><\/figure>\n\n\n\n<p>Mars 2021<\/p>\n\n\n\n<p>D\u00e8s ma petite enfance P a s c a l i n e m\u2019a tout appris de ce qu\u2019il fallait savoir. Elle m\u2019a nourrie, \u00e9veill\u00e9e de son excellence, m\u2019a fait partag\u00e9, m\u2019a t\u00e9l\u00e9guid\u00e9 dans son monde :<br>univers d\u2019avant gardes, visionnaire, conceptuel, intransigeant, hors normes, riche d\u2019id\u00e9es et d\u2019apprentissage pr\u00e9cieux.<\/p>\n\n\n\n<p>J\u2019ai faim ! j\u2019ai soif ! sont ses derniers souhaits.<br>\u00ab\u00a0morphine\u00a0\u00bb sa derni\u00e8re br\u00e8ve \u00e9crite dans son recueil\/journal<br>sa bougie minimaliste s\u2019est \u00e9teinte.<br>Je conserve dans mon \u00eatre sa flamme underground, son amour particulier, nos fous rires surr\u00e9alistes.<\/p>\n\n\n\n<p>au printemps ma soeur d\u2019exception P A S C A L I N E s\u2019envole sur le chemin de son au-del\u00e0 unique.<br>Il nous faudra plus d\u2019une vie pour re-lire, d\u00e9coder ses messages pr\u00e9curseurs, novateurs.<br>Je l\u2019aime for ever dans son ensemble. Bien \u00e0 toi soeur-reine.<\/p>\n\n\n\n<p>sophie<\/p>\n","protected":false},"excerpt":{"rendered":"<p>Mars 2021 D\u00e8s ma petite enfance P a s c a l i n e m\u2019a tout appris de ce qu\u2019il fallait savoir. Elle m\u2019a nourrie, \u00e9veill\u00e9e de son excellence, m\u2019a fait partag\u00e9, m\u2019a t\u00e9l\u00e9guid\u00e9 dans son monde :univers d\u2019avant gardes, visionnaire, conceptuel, intransigeant, hors normes, riche d\u2019id\u00e9es et d\u2019apprentissage pr\u00e9cieux. J\u2019ai faim ! j\u2019ai [&hellip;]<\/p>\n","protected":false},"author":1,"featured_media":0,"parent":0,"menu_order":0,"comment_status":"closed","ping_status":"closed","template":"","meta":{"footnotes":""},"class_list":["post-378","page","type-page","status-publish","hentry"],"_links":{"self":[{"href":"https:\/\/pascalinecuvelier.org\/index.php\/wp-json\/wp\/v2\/pages\/378","targetHints":{"allow":["GET"]}}],"collection":[{"href":"https:\/\/pascalinecuvelier.org\/index.php\/wp-json\/wp\/v2\/pages"}],"about":[{"href":"https:\/\/pascalinecuvelier.org\/index.php\/wp-json\/wp\/v2\/types\/page"}],"author":[{"embeddable":true,"href":"https:\/\/pascalinecuvelier.org\/index.php\/wp-json\/wp\/v2\/users\/1"}],"replies":[{"embeddable":true,"href":"https:\/\/pascalinecuvelier.org\/index.php\/wp-json\/wp\/v2\/comments?post=378"}],"version-history":[{"count":1,"href":"https:\/\/pascalinecuvelier.org\/index.php\/wp-json\/wp\/v2\/pages\/378\/revisions"}],"predecessor-version":[{"id":380,"href":"https:\/\/pascalinecuvelier.org\/index.php\/wp-json\/wp\/v2\/pages\/378\/revisions\/380"}],"wp:attachment":[{"href":"https:\/\/pascalinecuvelier.org\/index.php\/wp-json\/wp\/v2\/media?parent=378"}],"curies":[{"name":"wp","href":"https:\/\/api.w.org\/{rel}","templated":true}]}}