{"id":268,"date":"2022-09-28T14:05:00","date_gmt":"2022-09-28T12:05:00","guid":{"rendered":"http:\/\/pascalinecuvelier.org\/?page_id=268"},"modified":"2022-09-28T14:12:09","modified_gmt":"2022-09-28T12:12:09","slug":"verena-sieber-fuchs","status":"publish","type":"page","link":"https:\/\/pascalinecuvelier.org\/index.php\/verena-sieber-fuchs\/","title":{"rendered":"Verena Sieber-Fuchs"},"content":{"rendered":"\n<h2 class=\"wp-block-heading\">bijoux : exposition, Mus\u00e9e d&rsquo;art et d&rsquo;histoire, Gen\u00e8ve, 21 octobre &#8211; 12 d\u00e9cembre 1993<\/h2>\n\n\n\n<p>Auteurs: Verena Sieber-Fuchs&nbsp;(Artiste),&nbsp;<a href=\"https:\/\/www.worldcat.org\/fr\/search?q=au=%22Cuvelier,%20Pascaline%22\">Pascaline Cuvelier<\/a>&nbsp;(Auteur de l&rsquo;introduction, etc.),&nbsp;Fabienne Xavi\u00e8re Sturm&nbsp;(Auteur de l&rsquo;introduction, etc.),&nbsp;Georg St\u00e4rk&nbsp;(Photographe),&nbsp;Maurice Aeschimann&nbsp;(Photographe),&nbsp;Mus\u00e9e d&rsquo;art et d&rsquo;histoire (Gen\u00e8ve)&nbsp;(H\u00f4te)&nbsp;et&nbsp;Prix Micheline et Jean-Jacques Brunschwig pour les arts appliqu\u00e9s (1993)<\/p>\n\n\n\n<p><strong>Livre imprim\u00e9<\/strong>\u00a0en\u00a01993<\/p>\n\n\n\n<p>Mus\u00e9e d&rsquo;art et d&rsquo;histoire,\u00a0Gen\u00e8ve<\/p>\n\n\n\n<figure class=\"wp-block-image size-large\"><img loading=\"lazy\" decoding=\"async\" width=\"1024\" height=\"576\" src=\"https:\/\/pascalinecuvelier.org\/wp-content\/uploads\/2022\/09\/Verena_Sieber-Fuchs-1024x576.jpeg\" alt=\"\" class=\"wp-image-269\" srcset=\"https:\/\/pascalinecuvelier.org\/wp-content\/uploads\/2022\/09\/Verena_Sieber-Fuchs-1024x576.jpeg 1024w, https:\/\/pascalinecuvelier.org\/wp-content\/uploads\/2022\/09\/Verena_Sieber-Fuchs-300x169.jpeg 300w, https:\/\/pascalinecuvelier.org\/wp-content\/uploads\/2022\/09\/Verena_Sieber-Fuchs-768x432.jpeg 768w, https:\/\/pascalinecuvelier.org\/wp-content\/uploads\/2022\/09\/Verena_Sieber-Fuchs.jpeg 1280w\" sizes=\"auto, (max-width: 1024px) 100vw, 1024px\" \/><figcaption>\u00ab\u00a0Noce\u00a0\u00bb, un collier de Verena Sieber-Fuchs<\/figcaption><\/figure>\n","protected":false},"excerpt":{"rendered":"<p>bijoux : exposition, Mus\u00e9e d&rsquo;art et d&rsquo;histoire, Gen\u00e8ve, 21 octobre &#8211; 12 d\u00e9cembre 1993 Auteurs: Verena Sieber-Fuchs&nbsp;(Artiste),&nbsp;Pascaline Cuvelier&nbsp;(Auteur de l&rsquo;introduction, etc.),&nbsp;Fabienne Xavi\u00e8re Sturm&nbsp;(Auteur de l&rsquo;introduction, etc.),&nbsp;Georg St\u00e4rk&nbsp;(Photographe),&nbsp;Maurice Aeschimann&nbsp;(Photographe),&nbsp;Mus\u00e9e d&rsquo;art et d&rsquo;histoire (Gen\u00e8ve)&nbsp;(H\u00f4te)&nbsp;et&nbsp;Prix Micheline et Jean-Jacques Brunschwig pour les arts appliqu\u00e9s (1993) Livre imprim\u00e9\u00a0en\u00a01993 Mus\u00e9e d&rsquo;art et d&rsquo;histoire,\u00a0Gen\u00e8ve<\/p>\n","protected":false},"author":1,"featured_media":0,"parent":0,"menu_order":0,"comment_status":"closed","ping_status":"closed","template":"","meta":{"footnotes":""},"class_list":["post-268","page","type-page","status-publish","hentry"],"_links":{"self":[{"href":"https:\/\/pascalinecuvelier.org\/index.php\/wp-json\/wp\/v2\/pages\/268","targetHints":{"allow":["GET"]}}],"collection":[{"href":"https:\/\/pascalinecuvelier.org\/index.php\/wp-json\/wp\/v2\/pages"}],"about":[{"href":"https:\/\/pascalinecuvelier.org\/index.php\/wp-json\/wp\/v2\/types\/page"}],"author":[{"embeddable":true,"href":"https:\/\/pascalinecuvelier.org\/index.php\/wp-json\/wp\/v2\/users\/1"}],"replies":[{"embeddable":true,"href":"https:\/\/pascalinecuvelier.org\/index.php\/wp-json\/wp\/v2\/comments?post=268"}],"version-history":[{"count":2,"href":"https:\/\/pascalinecuvelier.org\/index.php\/wp-json\/wp\/v2\/pages\/268\/revisions"}],"predecessor-version":[{"id":274,"href":"https:\/\/pascalinecuvelier.org\/index.php\/wp-json\/wp\/v2\/pages\/268\/revisions\/274"}],"wp:attachment":[{"href":"https:\/\/pascalinecuvelier.org\/index.php\/wp-json\/wp\/v2\/media?parent=268"}],"curies":[{"name":"wp","href":"https:\/\/api.w.org\/{rel}","templated":true}]}}