{"id":253,"date":"2022-09-28T12:26:31","date_gmt":"2022-09-28T10:26:31","guid":{"rendered":"http:\/\/pascalinecuvelier.org\/?page_id=253"},"modified":"2022-09-28T15:15:26","modified_gmt":"2022-09-28T13:15:26","slug":"catalogues","status":"publish","type":"page","link":"https:\/\/pascalinecuvelier.org\/index.php\/catalogues\/","title":{"rendered":"Catalogues \/ Livres"},"content":{"rendered":"\n<ul class=\"wp-block-list\"><li><a href=\"https:\/\/pascalinecuvelier.org\/index.php\/claude-closky\/\" data-type=\"page\" data-id=\"259\">Claude Closky : Le Parvis, janvier-f\u00e9vrier 1996<\/a><\/li><li><a href=\"https:\/\/pascalinecuvelier.org\/index.php\/gloria-friedmann\/\" data-type=\"page\" data-id=\"256\">Gloria Friedmann : exposition, Limousin, Centre d&rsquo;art contemporain de Vassivi\u00e8re 22 Sept.-29 Oct. 1994<\/a><\/li><li><a href=\"https:\/\/pascalinecuvelier.org\/index.php\/verena-sieber-fuchs\/\" data-type=\"page\" data-id=\"268\">Verena Sieber-Fuchs : bijoux : exposition, Mus\u00e9e d\u2019art et d\u2019histoire, Gen\u00e8ve, 21 octobre \u2013 12 d\u00e9cembre 1993<\/a><\/li><li><a href=\"https:\/\/pascalinecuvelier.org\/index.php\/du-sens-dans-lutile\/\" data-type=\"page\" data-id=\"297\">Du sens dans l&rsquo;utile &#8211; 9 entreprises, 9 cr\u00e9ateurs 1992<\/a><\/li><\/ul>\n","protected":false},"excerpt":{"rendered":"<p>Claude Closky : Le Parvis, janvier-f\u00e9vrier 1996 Gloria Friedmann : exposition, Limousin, Centre d&rsquo;art contemporain de Vassivi\u00e8re 22 Sept.-29 Oct. 1994 Verena Sieber-Fuchs : bijoux : exposition, Mus\u00e9e d\u2019art et d\u2019histoire, Gen\u00e8ve, 21 octobre \u2013 12 d\u00e9cembre 1993 Du sens dans l&rsquo;utile &#8211; 9 entreprises, 9 cr\u00e9ateurs 1992<\/p>\n","protected":false},"author":1,"featured_media":0,"parent":0,"menu_order":0,"comment_status":"closed","ping_status":"closed","template":"","meta":{"footnotes":""},"class_list":["post-253","page","type-page","status-publish","hentry"],"_links":{"self":[{"href":"https:\/\/pascalinecuvelier.org\/index.php\/wp-json\/wp\/v2\/pages\/253","targetHints":{"allow":["GET"]}}],"collection":[{"href":"https:\/\/pascalinecuvelier.org\/index.php\/wp-json\/wp\/v2\/pages"}],"about":[{"href":"https:\/\/pascalinecuvelier.org\/index.php\/wp-json\/wp\/v2\/types\/page"}],"author":[{"embeddable":true,"href":"https:\/\/pascalinecuvelier.org\/index.php\/wp-json\/wp\/v2\/users\/1"}],"replies":[{"embeddable":true,"href":"https:\/\/pascalinecuvelier.org\/index.php\/wp-json\/wp\/v2\/comments?post=253"}],"version-history":[{"count":6,"href":"https:\/\/pascalinecuvelier.org\/index.php\/wp-json\/wp\/v2\/pages\/253\/revisions"}],"predecessor-version":[{"id":302,"href":"https:\/\/pascalinecuvelier.org\/index.php\/wp-json\/wp\/v2\/pages\/253\/revisions\/302"}],"wp:attachment":[{"href":"https:\/\/pascalinecuvelier.org\/index.php\/wp-json\/wp\/v2\/media?parent=253"}],"curies":[{"name":"wp","href":"https:\/\/api.w.org\/{rel}","templated":true}]}}