{"id":236,"date":"2022-09-28T11:57:12","date_gmt":"2022-09-28T09:57:12","guid":{"rendered":"http:\/\/pascalinecuvelier.org\/?page_id=236"},"modified":"2022-09-28T11:57:12","modified_gmt":"2022-09-28T09:57:12","slug":"ettore-sottsass","status":"publish","type":"page","link":"https:\/\/pascalinecuvelier.org\/index.php\/ettore-sottsass\/","title":{"rendered":"Ettore Sottsass"},"content":{"rendered":"\n<p>> paroles de ettore sottsass, imprim\u00e9es et envoy\u00e9es au d\u00e9but de l\u2019ann\u00e9e.<br>&#8211; l\u2019ann\u00e9e ?<br>&#8211; je ne sais plus.<br>&#8211; bon, alors, on confuse, on brouille \u00ab l\u2019attente, l\u2019oubli \u00ab<br>&#8211; voil\u00e0.<\/p>\n\n\n\n<figure class=\"wp-block-image size-full\"><img loading=\"lazy\" decoding=\"async\" width=\"603\" height=\"960\" src=\"https:\/\/pascalinecuvelier.org\/wp-content\/uploads\/2022\/09\/sotssass.jpg\" alt=\"\" class=\"wp-image-237\" srcset=\"https:\/\/pascalinecuvelier.org\/wp-content\/uploads\/2022\/09\/sotssass.jpg 603w, https:\/\/pascalinecuvelier.org\/wp-content\/uploads\/2022\/09\/sotssass-188x300.jpg 188w\" sizes=\"auto, (max-width: 603px) 100vw, 603px\" \/><\/figure>\n","protected":false},"excerpt":{"rendered":"<p>> paroles de ettore sottsass, imprim\u00e9es et envoy\u00e9es au d\u00e9but de l\u2019ann\u00e9e.&#8211; l\u2019ann\u00e9e ?&#8211; je ne sais plus.&#8211; bon, alors, on confuse, on brouille \u00ab l\u2019attente, l\u2019oubli \u00ab&#8211; voil\u00e0.<\/p>\n","protected":false},"author":1,"featured_media":0,"parent":0,"menu_order":0,"comment_status":"closed","ping_status":"closed","template":"","meta":{"footnotes":""},"class_list":["post-236","page","type-page","status-publish","hentry"],"_links":{"self":[{"href":"https:\/\/pascalinecuvelier.org\/index.php\/wp-json\/wp\/v2\/pages\/236","targetHints":{"allow":["GET"]}}],"collection":[{"href":"https:\/\/pascalinecuvelier.org\/index.php\/wp-json\/wp\/v2\/pages"}],"about":[{"href":"https:\/\/pascalinecuvelier.org\/index.php\/wp-json\/wp\/v2\/types\/page"}],"author":[{"embeddable":true,"href":"https:\/\/pascalinecuvelier.org\/index.php\/wp-json\/wp\/v2\/users\/1"}],"replies":[{"embeddable":true,"href":"https:\/\/pascalinecuvelier.org\/index.php\/wp-json\/wp\/v2\/comments?post=236"}],"version-history":[{"count":1,"href":"https:\/\/pascalinecuvelier.org\/index.php\/wp-json\/wp\/v2\/pages\/236\/revisions"}],"predecessor-version":[{"id":238,"href":"https:\/\/pascalinecuvelier.org\/index.php\/wp-json\/wp\/v2\/pages\/236\/revisions\/238"}],"wp:attachment":[{"href":"https:\/\/pascalinecuvelier.org\/index.php\/wp-json\/wp\/v2\/media?parent=236"}],"curies":[{"name":"wp","href":"https:\/\/api.w.org\/{rel}","templated":true}]}}