{"id":227,"date":"2022-09-28T11:07:59","date_gmt":"2022-09-28T09:07:59","guid":{"rendered":"http:\/\/pascalinecuvelier.org\/?page_id=227"},"modified":"2022-09-28T11:07:59","modified_gmt":"2022-09-28T09:07:59","slug":"nidab-abdi","status":"publish","type":"page","link":"https:\/\/pascalinecuvelier.org\/index.php\/nidab-abdi\/","title":{"rendered":"Nidab Abdi"},"content":{"rendered":"\n<p>Tr\u00e8s triste d&rsquo;apprendre le d\u00e9c\u00e8s de Pascaline Cuvelier, une sensibilit\u00e9 sans pareil et une douce g\u00e9n\u00e9rosit\u00e9. Adieu Pascaline, tu seras \u00e0 jamais dans nos souvenirs. Ton journalisme \u00e9tait unique et sentait toujours le printemps.<br><a href=\"https:\/\/www.facebook.com\/nidam.abdi?__cft__[0]=AZU2vVLmt6IBCv0EvdJANDl4Fc7x_booMxahSoRFt5qEMTB3yhRVzWimpzOKSVo_zoqg8UDL5C81CdeviwRHx7HOxHVA5uXiSW56opv8u6x7NCnPtKp0GcoqQhUbnKrXWOM&amp;__tn__=-UC%2CP-R\"><strong>Nidam Abdi<\/strong><\/a><\/p>\n","protected":false},"excerpt":{"rendered":"<p>Tr\u00e8s triste d&rsquo;apprendre le d\u00e9c\u00e8s de Pascaline Cuvelier, une sensibilit\u00e9 sans pareil et une douce g\u00e9n\u00e9rosit\u00e9. Adieu Pascaline, tu seras \u00e0 jamais dans nos souvenirs. Ton journalisme \u00e9tait unique et sentait toujours le printemps.Nidam Abdi<\/p>\n","protected":false},"author":1,"featured_media":0,"parent":0,"menu_order":0,"comment_status":"closed","ping_status":"closed","template":"","meta":{"footnotes":""},"class_list":["post-227","page","type-page","status-publish","hentry"],"_links":{"self":[{"href":"https:\/\/pascalinecuvelier.org\/index.php\/wp-json\/wp\/v2\/pages\/227","targetHints":{"allow":["GET"]}}],"collection":[{"href":"https:\/\/pascalinecuvelier.org\/index.php\/wp-json\/wp\/v2\/pages"}],"about":[{"href":"https:\/\/pascalinecuvelier.org\/index.php\/wp-json\/wp\/v2\/types\/page"}],"author":[{"embeddable":true,"href":"https:\/\/pascalinecuvelier.org\/index.php\/wp-json\/wp\/v2\/users\/1"}],"replies":[{"embeddable":true,"href":"https:\/\/pascalinecuvelier.org\/index.php\/wp-json\/wp\/v2\/comments?post=227"}],"version-history":[{"count":1,"href":"https:\/\/pascalinecuvelier.org\/index.php\/wp-json\/wp\/v2\/pages\/227\/revisions"}],"predecessor-version":[{"id":228,"href":"https:\/\/pascalinecuvelier.org\/index.php\/wp-json\/wp\/v2\/pages\/227\/revisions\/228"}],"wp:attachment":[{"href":"https:\/\/pascalinecuvelier.org\/index.php\/wp-json\/wp\/v2\/media?parent=227"}],"curies":[{"name":"wp","href":"https:\/\/api.w.org\/{rel}","templated":true}]}}