{"id":166,"date":"2022-09-27T20:23:09","date_gmt":"2022-09-27T18:23:09","guid":{"rendered":"http:\/\/pascalinecuvelier.org\/?page_id=166"},"modified":"2022-09-27T20:32:07","modified_gmt":"2022-09-27T18:32:07","slug":"publications","status":"publish","type":"page","link":"https:\/\/pascalinecuvelier.org\/index.php\/publications\/","title":{"rendered":"Publications"},"content":{"rendered":"\n<ul class=\"wp-block-list\"><li><a href=\"https:\/\/pascalinecuvelier.org\/index.php\/les-defiles-bricolo-fantasques-dune-ecole-reference\/\" data-type=\"page\" data-id=\"170\">Les d\u00e9fil\u00e9s \u00abbricolo-fantasques\u00bb d&rsquo;une \u00e9cole-r\u00e9f\u00e9rence<\/a><\/li><li><\/li><\/ul>\n\n\n\n<p><\/p>\n","protected":false},"excerpt":{"rendered":"<p>Les d\u00e9fil\u00e9s \u00abbricolo-fantasques\u00bb d&rsquo;une \u00e9cole-r\u00e9f\u00e9rence<\/p>\n","protected":false},"author":1,"featured_media":0,"parent":0,"menu_order":0,"comment_status":"closed","ping_status":"closed","template":"","meta":{"footnotes":""},"class_list":["post-166","page","type-page","status-publish","hentry"],"_links":{"self":[{"href":"https:\/\/pascalinecuvelier.org\/index.php\/wp-json\/wp\/v2\/pages\/166","targetHints":{"allow":["GET"]}}],"collection":[{"href":"https:\/\/pascalinecuvelier.org\/index.php\/wp-json\/wp\/v2\/pages"}],"about":[{"href":"https:\/\/pascalinecuvelier.org\/index.php\/wp-json\/wp\/v2\/types\/page"}],"author":[{"embeddable":true,"href":"https:\/\/pascalinecuvelier.org\/index.php\/wp-json\/wp\/v2\/users\/1"}],"replies":[{"embeddable":true,"href":"https:\/\/pascalinecuvelier.org\/index.php\/wp-json\/wp\/v2\/comments?post=166"}],"version-history":[{"count":3,"href":"https:\/\/pascalinecuvelier.org\/index.php\/wp-json\/wp\/v2\/pages\/166\/revisions"}],"predecessor-version":[{"id":176,"href":"https:\/\/pascalinecuvelier.org\/index.php\/wp-json\/wp\/v2\/pages\/166\/revisions\/176"}],"wp:attachment":[{"href":"https:\/\/pascalinecuvelier.org\/index.php\/wp-json\/wp\/v2\/media?parent=166"}],"curies":[{"name":"wp","href":"https:\/\/api.w.org\/{rel}","templated":true}]}}