{"id":163,"date":"2022-09-27T20:20:34","date_gmt":"2022-09-27T18:20:34","guid":{"rendered":"http:\/\/pascalinecuvelier.org\/?page_id=163"},"modified":"2023-01-11T12:21:07","modified_gmt":"2023-01-11T11:21:07","slug":"carnets","status":"publish","type":"page","link":"https:\/\/pascalinecuvelier.org\/index.php\/carnets\/","title":{"rendered":"Carnets"},"content":{"rendered":"<div class=\"wp-block-image\">\n<figure class=\"aligncenter size-full\"><img loading=\"lazy\" decoding=\"async\" width=\"547\" height=\"730\" src=\"https:\/\/pascalinecuvelier.org\/wp-content\/uploads\/2022\/09\/Richard_Schwamb1.jpg\" alt=\"\" class=\"wp-image-142\" srcset=\"https:\/\/pascalinecuvelier.org\/wp-content\/uploads\/2022\/09\/Richard_Schwamb1.jpg 547w, https:\/\/pascalinecuvelier.org\/wp-content\/uploads\/2022\/09\/Richard_Schwamb1-225x300.jpg 225w\" sizes=\"auto, (max-width: 547px) 100vw, 547px\" \/><figcaption class=\"wp-element-caption\">Photo <a href=\"https:\/\/www.facebook.com\/richard.schwamb?__cft__[0]=AZWVfRs7N6YCIXstyEplIoEPEcVbxcAirEXagJMwe49YwY8xmniFwheXRaJtIMgQqw1oaiUJ2rzQ_Ny1nPwmLYSobiMKmV7nr4pVGW2xDchvwP1copp7cPhDKAFg1_C70uqyJzu4wwv2NVlK86w2TcWNAAVzmHPZH7iLqdqf37T4ow&amp;__tn__=-UC%2CP-y2.g-R\" target=\"_blank\" rel=\"noreferrer noopener\">Richard Schwamb<\/a><\/figcaption><\/figure>\n<\/div>\n\n\n<p>Le process de num\u00e9risation des carnets est tr\u00e8s long, nous les ajouterons d\u00e8s qu&rsquo;ils seront disponibles.. Stay tuned !<\/p>\n","protected":false},"excerpt":{"rendered":"<p>Le process de num\u00e9risation des carnets est tr\u00e8s long, nous les ajouterons d\u00e8s qu&rsquo;ils seront disponibles.. Stay tuned !<\/p>\n","protected":false},"author":1,"featured_media":0,"parent":0,"menu_order":0,"comment_status":"closed","ping_status":"closed","template":"","meta":{"footnotes":""},"class_list":["post-163","page","type-page","status-publish","hentry"],"_links":{"self":[{"href":"https:\/\/pascalinecuvelier.org\/index.php\/wp-json\/wp\/v2\/pages\/163","targetHints":{"allow":["GET"]}}],"collection":[{"href":"https:\/\/pascalinecuvelier.org\/index.php\/wp-json\/wp\/v2\/pages"}],"about":[{"href":"https:\/\/pascalinecuvelier.org\/index.php\/wp-json\/wp\/v2\/types\/page"}],"author":[{"embeddable":true,"href":"https:\/\/pascalinecuvelier.org\/index.php\/wp-json\/wp\/v2\/users\/1"}],"replies":[{"embeddable":true,"href":"https:\/\/pascalinecuvelier.org\/index.php\/wp-json\/wp\/v2\/comments?post=163"}],"version-history":[{"count":6,"href":"https:\/\/pascalinecuvelier.org\/index.php\/wp-json\/wp\/v2\/pages\/163\/revisions"}],"predecessor-version":[{"id":521,"href":"https:\/\/pascalinecuvelier.org\/index.php\/wp-json\/wp\/v2\/pages\/163\/revisions\/521"}],"wp:attachment":[{"href":"https:\/\/pascalinecuvelier.org\/index.php\/wp-json\/wp\/v2\/media?parent=163"}],"curies":[{"name":"wp","href":"https:\/\/api.w.org\/{rel}","templated":true}]}}