{"id":137,"date":"2022-09-27T19:54:18","date_gmt":"2022-09-27T17:54:18","guid":{"rendered":"http:\/\/pascalinecuvelier.org\/?page_id=137"},"modified":"2022-09-28T11:05:36","modified_gmt":"2022-09-28T09:05:36","slug":"lo-m-mikaelson","status":"publish","type":"page","link":"https:\/\/pascalinecuvelier.org\/index.php\/lo-m-mikaelson\/","title":{"rendered":"Lo M. Mikaelson"},"content":{"rendered":"\n<p><a href=\"https:\/\/www.facebook.com\/profile.php?id=100004175714808&amp;__cft__[0]=AZX1T1fT5OASPNXPztrVJGPgvLVHaC5bm8zGXY67a_nJJLMOd21Hc55CV6AeGj6TEX8dXZmkta5o9l-aAaUwUUi87Pvm6WOQT8KRgWYwNALx0LM1cA8hYixq-lYpLmc3y6D1mK5Oi8M16NRUS7vSdCCHBVs7-ImS6MQiBi0uy37Mvg&amp;__tn__=-]K-R\">Pascaline<\/a> <img loading=\"lazy\" decoding=\"async\" height=\"16\" width=\"16\" src=\"https:\/\/static.xx.fbcdn.net\/images\/emoji.php\/v9\/ted\/2\/16\/2764.png\" alt=\"\u2764\ufe0f\">  Nos rendez-vous. Nos fous rires. Nos confidences. Tes mains pos\u00e9es sur mes joues pour m\u2019embrasser. Tes d\u00e9coupages, tes crayons, tes photos, ton tampon-encreur. Ta t\u00e9nacit\u00e9. Lib\u00e9. Le Monde. Tes conseils. Tes quinze vies. Nos expos, nos vernissages au pas de course. Ann Demeulemeester et Dries Van Noten. Tes souvenirs. Aujourd\u2019hui, mes larmes. <br><a href=\"https:\/\/www.facebook.com\/lo.gil.menu?__cft__[0]=AZX1T1fT5OASPNXPztrVJGPgvLVHaC5bm8zGXY67a_nJJLMOd21Hc55CV6AeGj6TEX8dXZmkta5o9l-aAaUwUUi87Pvm6WOQT8KRgWYwNALx0LM1cA8hYixq-lYpLmc3y6D1mK5Oi8M16NRUS7vSdCCHBVs7-ImS6MQiBi0uy37Mvg&amp;__tn__=-UC*F\">Lo M. Mikaelson<\/a><br><\/p>\n\n\n\n<figure class=\"wp-block-image size-full\"><img loading=\"lazy\" decoding=\"async\" width=\"720\" height=\"960\" src=\"https:\/\/pascalinecuvelier.org\/wp-content\/uploads\/2022\/09\/laurent_mickaelson.jpg\" alt=\"\" class=\"wp-image-223\" srcset=\"https:\/\/pascalinecuvelier.org\/wp-content\/uploads\/2022\/09\/laurent_mickaelson.jpg 720w, https:\/\/pascalinecuvelier.org\/wp-content\/uploads\/2022\/09\/laurent_mickaelson-225x300.jpg 225w\" sizes=\"auto, (max-width: 720px) 100vw, 720px\" \/><figcaption>Photo Laurent Mikaelson &#8211; Extrait d&rsquo;un carnet de Pascaline<\/figcaption><\/figure>\n","protected":false},"excerpt":{"rendered":"<p>Pascaline Nos rendez-vous. Nos fous rires. Nos confidences. Tes mains pos\u00e9es sur mes joues pour m\u2019embrasser. Tes d\u00e9coupages, tes crayons, tes photos, ton tampon-encreur. Ta t\u00e9nacit\u00e9. Lib\u00e9. Le Monde. Tes conseils. Tes quinze vies. Nos expos, nos vernissages au pas de course. Ann Demeulemeester et Dries Van Noten. Tes souvenirs. Aujourd\u2019hui, mes larmes. Lo M. [&hellip;]<\/p>\n","protected":false},"author":1,"featured_media":0,"parent":0,"menu_order":0,"comment_status":"closed","ping_status":"closed","template":"","meta":{"footnotes":""},"class_list":["post-137","page","type-page","status-publish","hentry"],"_links":{"self":[{"href":"https:\/\/pascalinecuvelier.org\/index.php\/wp-json\/wp\/v2\/pages\/137","targetHints":{"allow":["GET"]}}],"collection":[{"href":"https:\/\/pascalinecuvelier.org\/index.php\/wp-json\/wp\/v2\/pages"}],"about":[{"href":"https:\/\/pascalinecuvelier.org\/index.php\/wp-json\/wp\/v2\/types\/page"}],"author":[{"embeddable":true,"href":"https:\/\/pascalinecuvelier.org\/index.php\/wp-json\/wp\/v2\/users\/1"}],"replies":[{"embeddable":true,"href":"https:\/\/pascalinecuvelier.org\/index.php\/wp-json\/wp\/v2\/comments?post=137"}],"version-history":[{"count":4,"href":"https:\/\/pascalinecuvelier.org\/index.php\/wp-json\/wp\/v2\/pages\/137\/revisions"}],"predecessor-version":[{"id":226,"href":"https:\/\/pascalinecuvelier.org\/index.php\/wp-json\/wp\/v2\/pages\/137\/revisions\/226"}],"wp:attachment":[{"href":"https:\/\/pascalinecuvelier.org\/index.php\/wp-json\/wp\/v2\/media?parent=137"}],"curies":[{"name":"wp","href":"https:\/\/api.w.org\/{rel}","templated":true}]}}