{"id":126,"date":"2022-09-27T19:45:38","date_gmt":"2022-09-27T17:45:38","guid":{"rendered":"http:\/\/pascalinecuvelier.org\/?page_id=126"},"modified":"2022-09-27T19:45:38","modified_gmt":"2022-09-27T17:45:38","slug":"jean-marcel-bouguereau","status":"publish","type":"page","link":"https:\/\/pascalinecuvelier.org\/index.php\/jean-marcel-bouguereau\/","title":{"rendered":"Jean-Marcel Bouguereau"},"content":{"rendered":"\n<p>L\u2019amie <a href=\"https:\/\/www.facebook.com\/profile.php?id=100004175714808&amp;__cft__[0]=AZW-I9SrbYMVHjzzsuxn7mo_uPNL9t_r4lqFGBGgXR-ab9fuX6AnQFsDcixuTc_8lctwUiYg9E_yaPVbylvEs7WHAKCHWAeTuJPHEsh7xDwvZchA7Tm89wHRZiF9jynm8KB2OX3liZEE-QGSkdDDlZT2&amp;__tn__=-]K-R\">Pascaline Cuvelier<\/a> vient de d\u00e9c\u00e9der. Elle fut \u00e0 Lib\u00e9 une excellente critique d\u2019art. Mais le pire c\u2019est qu\u2019hospitalis\u00e9e pour un probl\u00e8me \u00e0 la hanche elle est morte du Covid parce de soignants qui n\u2019\u00e9taient pas vaccin\u00e9s le lui ont transmis !<\/p>\n","protected":false},"excerpt":{"rendered":"<p>L\u2019amie Pascaline Cuvelier vient de d\u00e9c\u00e9der. Elle fut \u00e0 Lib\u00e9 une excellente critique d\u2019art. Mais le pire c\u2019est qu\u2019hospitalis\u00e9e pour un probl\u00e8me \u00e0 la hanche elle est morte du Covid parce de soignants qui n\u2019\u00e9taient pas vaccin\u00e9s le lui ont transmis !<\/p>\n","protected":false},"author":1,"featured_media":0,"parent":0,"menu_order":0,"comment_status":"closed","ping_status":"closed","template":"","meta":{"footnotes":""},"class_list":["post-126","page","type-page","status-publish","hentry"],"_links":{"self":[{"href":"https:\/\/pascalinecuvelier.org\/index.php\/wp-json\/wp\/v2\/pages\/126","targetHints":{"allow":["GET"]}}],"collection":[{"href":"https:\/\/pascalinecuvelier.org\/index.php\/wp-json\/wp\/v2\/pages"}],"about":[{"href":"https:\/\/pascalinecuvelier.org\/index.php\/wp-json\/wp\/v2\/types\/page"}],"author":[{"embeddable":true,"href":"https:\/\/pascalinecuvelier.org\/index.php\/wp-json\/wp\/v2\/users\/1"}],"replies":[{"embeddable":true,"href":"https:\/\/pascalinecuvelier.org\/index.php\/wp-json\/wp\/v2\/comments?post=126"}],"version-history":[{"count":1,"href":"https:\/\/pascalinecuvelier.org\/index.php\/wp-json\/wp\/v2\/pages\/126\/revisions"}],"predecessor-version":[{"id":127,"href":"https:\/\/pascalinecuvelier.org\/index.php\/wp-json\/wp\/v2\/pages\/126\/revisions\/127"}],"wp:attachment":[{"href":"https:\/\/pascalinecuvelier.org\/index.php\/wp-json\/wp\/v2\/media?parent=126"}],"curies":[{"name":"wp","href":"https:\/\/api.w.org\/{rel}","templated":true}]}}